{"id":1204,"date":"2025-02-12T16:00:51","date_gmt":"2025-02-12T08:00:51","guid":{"rendered":"https:\/\/radar-fillingmachine.com\/?page_id=1204"},"modified":"2025-02-12T16:07:31","modified_gmt":"2025-02-12T08:07:31","slug":"online-form","status":"publish","type":"page","link":"https:\/\/radar-fillingmachine.com\/fr\/online-form\/","title":{"rendered":"Online Form"},"content":{"rendered":"<style id=\"wpforms-css-vars-root\">\n\t\t\t\t:root {\n\t\t\t\t\t--wpforms-field-border-radius: 3px;\n--wpforms-field-border-style: solid;\n--wpforms-field-border-size: 1px;\n--wpforms-field-background-color: #ffffff;\n--wpforms-field-border-color: rgba( 0, 0, 0, 0.25 );\n--wpforms-field-border-color-spare: rgba( 0, 0, 0, 0.25 );\n--wpforms-field-text-color: rgba( 0, 0, 0, 0.7 );\n--wpforms-field-menu-color: #ffffff;\n--wpforms-label-color: rgba( 0, 0, 0, 0.85 );\n--wpforms-label-sublabel-color: rgba( 0, 0, 0, 0.55 );\n--wpforms-label-error-color: #d63637;\n--wpforms-button-border-radius: 3px;\n--wpforms-button-border-style: none;\n--wpforms-button-border-size: 1px;\n--wpforms-button-background-color: #066aab;\n--wpforms-button-border-color: #066aab;\n--wpforms-button-text-color: #ffffff;\n--wpforms-page-break-color: #066aab;\n--wpforms-background-image: none;\n--wpforms-background-position: center center;\n--wpforms-background-repeat: no-repeat;\n--wpforms-background-size: cover;\n--wpforms-background-width: 100px;\n--wpforms-background-height: 100px;\n--wpforms-background-color: rgba( 0, 0, 0, 0 );\n--wpforms-background-url: none;\n--wpforms-container-padding: 0px;\n--wpforms-container-border-style: none;\n--wpforms-container-border-width: 1px;\n--wpforms-container-border-color: #000000;\n--wpforms-container-border-radius: 3px;\n--wpforms-field-size-input-height: 43px;\n--wpforms-field-size-input-spacing: 15px;\n--wpforms-field-size-font-size: 16px;\n--wpforms-field-size-line-height: 19px;\n--wpforms-field-size-padding-h: 14px;\n--wpforms-field-size-checkbox-size: 16px;\n--wpforms-field-size-sublabel-spacing: 5px;\n--wpforms-field-size-icon-size: 1;\n--wpforms-label-size-font-size: 16px;\n--wpforms-label-size-line-height: 19px;\n--wpforms-label-size-sublabel-font-size: 14px;\n--wpforms-label-size-sublabel-line-height: 17px;\n--wpforms-button-size-font-size: 17px;\n--wpforms-button-size-height: 41px;\n--wpforms-button-size-padding-h: 15px;\n--wpforms-button-size-margin-top: 10px;\n--wpforms-container-shadow-size-box-shadow: none;\n\n\t\t\t\t}\n\t\t\t<\/style><div class=\"wpforms-container wpforms-container-full wpforms-block wpforms-block-ecbece18-0f42-4647-9faa-7715e70e10c5 wpforms-render-modern\" id=\"wpforms-1200\"><form id=\"wpforms-form-1200\" class=\"wpforms-validate wpforms-form\" data-formid=\"1200\" method=\"post\" enctype=\"multipart\/form-data\" action=\"\/fr\/wp-json\/wp\/v2\/pages\/1204\" data-token=\"053bd0e77414e4a31f790f528b077ea6\" data-token-time=\"1776370167\" data-trp-original-action=\"\/fr\/wp-json\/wp\/v2\/pages\/1204\"><noscript class=\"wpforms-error-noscript\">Veuillez activer JavaScript dans votre navigateur pour remplir ce formulaire.<\/noscript><div class=\"wpforms-hidden\" id=\"wpforms-error-noscript\">Veuillez activer JavaScript dans votre navigateur pour remplir ce formulaire.<\/div><div class=\"wpforms-field-container\"><div id=\"wpforms-1200-field_1-container\" class=\"wpforms-field wpforms-field-name\" data-field-id=\"1\"><label class=\"wpforms-field-label\" for=\"wpforms-1200-field_1\">Nom de l'entreprise : <span class=\"wpforms-required-label\" aria-hidden=\"true\">*<\/span><\/label><input type=\"text\" id=\"wpforms-1200-field_1\" class=\"wpforms-field-large wpforms-field-required\" name=\"wpforms[fields][1]\" placeholder=\"Nom de l&#039;entreprise :\" aria-errormessage=\"wpforms-1200-field_1-error\" required><\/div><div id=\"wpforms-1200-field_2-container\" class=\"wpforms-field wpforms-field-name\" data-field-id=\"2\"><label class=\"wpforms-field-label\" for=\"wpforms-1200-field_2\">Personne de contact : <span class=\"wpforms-required-label\" aria-hidden=\"true\">*<\/span><\/label><input type=\"text\" id=\"wpforms-1200-field_2\" class=\"wpforms-field-large wpforms-field-required\" name=\"wpforms[fields][2]\" placeholder=\"Personne de contact :\" aria-errormessage=\"wpforms-1200-field_2-error\" required><\/div><div id=\"wpforms-1200-field_3-container\" class=\"wpforms-field wpforms-field-phone\" data-field-id=\"3\"><label class=\"wpforms-field-label\" for=\"wpforms-1200-field_3\">Num\u00e9ro de t\u00e9l\u00e9phone : <span class=\"wpforms-required-label\" aria-hidden=\"true\">*<\/span><\/label><input type=\"tel\" id=\"wpforms-1200-field_3\" class=\"wpforms-field-large wpforms-field-required wpforms-smart-phone-field\" data-rule-smart-phone-field=\"true\" name=\"wpforms[fields][3]\" placeholder=\"Num\u00e9ro de t\u00e9l\u00e9phone :\" aria-label=\"Num\u00e9ro de t\u00e9l\u00e9phone :\" aria-errormessage=\"wpforms-1200-field_3-error\" required><\/div><div id=\"wpforms-1200-field_4-container\" class=\"wpforms-field wpforms-field-email\" data-field-id=\"4\"><label class=\"wpforms-field-label\" for=\"wpforms-1200-field_4\">Adresse \u00e9lectronique : <span class=\"wpforms-required-label\" aria-hidden=\"true\">*<\/span><\/label><input type=\"email\" id=\"wpforms-1200-field_4\" class=\"wpforms-field-large wpforms-field-required\" name=\"wpforms[fields][4]\" placeholder=\"Adresse \u00e9lectronique :\" spellcheck=\"false\" aria-errormessage=\"wpforms-1200-field_4-error\" required><\/div><div id=\"wpforms-1200-field_9-container\" class=\"wpforms-field wpforms-field-checkbox wpforms-list-2-columns\" data-field-id=\"9\"><fieldset><legend class=\"wpforms-field-label\">Types de boissons (plusieurs choix possibles) :<\/legend><ul id=\"wpforms-1200-field_9\" class=\"wpforms-randomize\"><li class=\"choice-1 depth-1\"><input type=\"checkbox\" id=\"wpforms-1200-field_9_1\" name=\"wpforms[fields][9][]\" value=\"Carbonated Drinks\" aria-errormessage=\"wpforms-1200-field_9_1-error\"  ><label class=\"wpforms-field-label-inline\" for=\"wpforms-1200-field_9_1\">Boissons gazeuses<\/label><\/li><li class=\"choice-2 depth-1\"><input type=\"checkbox\" id=\"wpforms-1200-field_9_2\" name=\"wpforms[fields][9][]\" value=\"Juice Drinks\" aria-errormessage=\"wpforms-1200-field_9_2-error\"  ><label class=\"wpforms-field-label-inline\" for=\"wpforms-1200-field_9_2\">Jus de fruits<\/label><\/li><li class=\"choice-3 depth-1\"><input type=\"checkbox\" id=\"wpforms-1200-field_9_3\" name=\"wpforms[fields][9][]\" value=\"Dairy Products\" aria-errormessage=\"wpforms-1200-field_9_3-error\"  ><label class=\"wpforms-field-label-inline\" for=\"wpforms-1200-field_9_3\">Produits laitiers<\/label><\/li><li class=\"choice-7 depth-1\"><input type=\"checkbox\" id=\"wpforms-1200-field_9_7\" name=\"wpforms[fields][9][]\" value=\"Mineral Water\/Purified Water\" aria-errormessage=\"wpforms-1200-field_9_7-error\"  ><label class=\"wpforms-field-label-inline\" for=\"wpforms-1200-field_9_7\">Eau min\u00e9rale\/eau purifi\u00e9e<\/label><\/li><li class=\"choice-6 depth-1\"><input type=\"checkbox\" id=\"wpforms-1200-field_9_6\" name=\"wpforms[fields][9][]\" value=\"Tea Drinks\" aria-errormessage=\"wpforms-1200-field_9_6-error\"  ><label class=\"wpforms-field-label-inline\" for=\"wpforms-1200-field_9_6\">Boissons au th\u00e9<\/label><\/li><li class=\"choice-5 depth-1\"><input type=\"checkbox\" id=\"wpforms-1200-field_9_5\" name=\"wpforms[fields][9][]\" value=\"Functional Drinks\" aria-errormessage=\"wpforms-1200-field_9_5-error\"  ><label class=\"wpforms-field-label-inline\" for=\"wpforms-1200-field_9_5\">Boissons fonctionnelles<\/label><\/li><li class=\"choice-4 depth-1\"><input type=\"checkbox\" id=\"wpforms-1200-field_9_4\" name=\"wpforms[fields][9][]\" value=\"Alcoholic\" aria-errormessage=\"wpforms-1200-field_9_4-error\"  ><label class=\"wpforms-field-label-inline\" for=\"wpforms-1200-field_9_4\">Alcoolique<\/label><\/li><\/ul><\/fieldset><\/div><div id=\"wpforms-1200-field_10-container\" class=\"wpforms-field wpforms-field-checkbox wpforms-list-2-columns\" data-field-id=\"10\"><fieldset><legend class=\"wpforms-field-label\">Types d'emballage (plusieurs s\u00e9lections possibles) :<\/legend><ul id=\"wpforms-1200-field_10\" class=\"wpforms-randomize\"><li class=\"choice-1 depth-1\"><input type=\"checkbox\" id=\"wpforms-1200-field_10_1\" name=\"wpforms[fields][10][]\" value=\"PET Plastic Bottle\" aria-errormessage=\"wpforms-1200-field_10_1-error\"  ><label class=\"wpforms-field-label-inline\" for=\"wpforms-1200-field_10_1\">Bouteille en plastique PET<\/label><\/li><li class=\"choice-2 depth-1\"><input type=\"checkbox\" id=\"wpforms-1200-field_10_2\" name=\"wpforms[fields][10][]\" value=\"Glass Bottle\" aria-errormessage=\"wpforms-1200-field_10_2-error\"  ><label class=\"wpforms-field-label-inline\" for=\"wpforms-1200-field_10_2\">Bouteille en verre<\/label><\/li><li class=\"choice-3 depth-1\"><input type=\"checkbox\" id=\"wpforms-1200-field_10_3\" name=\"wpforms[fields][10][]\" value=\"Aluminum Can\" aria-errormessage=\"wpforms-1200-field_10_3-error\"  ><label class=\"wpforms-field-label-inline\" for=\"wpforms-1200-field_10_3\">Bo\u00eete en aluminium<\/label><\/li><li class=\"choice-5 depth-1\"><input type=\"checkbox\" id=\"wpforms-1200-field_10_5\" name=\"wpforms[fields][10][]\" value=\"Carton (e.g., Tetra Pak packaging)\" aria-errormessage=\"wpforms-1200-field_10_5-error\"  ><label class=\"wpforms-field-label-inline\" for=\"wpforms-1200-field_10_5\">Carton (par exemple, emballage Tetra Pak)<\/label><\/li><li class=\"choice-4 depth-1\"><input type=\"checkbox\" id=\"wpforms-1200-field_10_4\" name=\"wpforms[fields][10][]\" value=\"Pouch Packaging\" aria-errormessage=\"wpforms-1200-field_10_4-error\"  ><label class=\"wpforms-field-label-inline\" for=\"wpforms-1200-field_10_4\">Emballage de poche<\/label><\/li><\/ul><\/fieldset><\/div><div id=\"wpforms-1200-field_11-container\" class=\"wpforms-field wpforms-field-checkbox wpforms-list-2-columns\" data-field-id=\"11\"><fieldset><legend class=\"wpforms-field-label\">Types d'\u00e9quipement requis (plusieurs s\u00e9lections possibles) :<\/legend><ul id=\"wpforms-1200-field_11\" class=\"wpforms-randomize\"><li class=\"choice-1 depth-1\"><input type=\"checkbox\" id=\"wpforms-1200-field_11_1\" name=\"wpforms[fields][11][]\" value=\"Water Treatment Equipment\" aria-errormessage=\"wpforms-1200-field_11_1-error\"  ><label class=\"wpforms-field-label-inline\" for=\"wpforms-1200-field_11_1\">\u00c9quipement de traitement de l'eau<\/label><\/li><li class=\"choice-2 depth-1\"><input type=\"checkbox\" id=\"wpforms-1200-field_11_2\" name=\"wpforms[fields][11][]\" value=\"Blending System (Mixing, Syrup Dissolving, etc.)\" aria-errormessage=\"wpforms-1200-field_11_2-error\"  ><label class=\"wpforms-field-label-inline\" for=\"wpforms-1200-field_11_2\">Syst\u00e8me de m\u00e9lange (m\u00e9lange, dissolution du sirop, etc.)<\/label><\/li><li class=\"choice-3 depth-1\"><input type=\"checkbox\" id=\"wpforms-1200-field_11_3\" name=\"wpforms[fields][11][]\" value=\"Carbonation Equipment\" aria-errormessage=\"wpforms-1200-field_11_3-error\"  ><label class=\"wpforms-field-label-inline\" for=\"wpforms-1200-field_11_3\">\u00c9quipement de carbonatation<\/label><\/li><li class=\"choice-8 depth-1\"><input type=\"checkbox\" id=\"wpforms-1200-field_11_8\" name=\"wpforms[fields][11][]\" value=\"Filling Machine\" aria-errormessage=\"wpforms-1200-field_11_8-error\"  ><label class=\"wpforms-field-label-inline\" for=\"wpforms-1200-field_11_8\">Machine de remplissage<\/label><\/li><li class=\"choice-7 depth-1\"><input type=\"checkbox\" id=\"wpforms-1200-field_11_7\" name=\"wpforms[fields][11][]\" value=\"Capping Machine\" aria-errormessage=\"wpforms-1200-field_11_7-error\"  ><label class=\"wpforms-field-label-inline\" for=\"wpforms-1200-field_11_7\">Machine \u00e0 boucher<\/label><\/li><li class=\"choice-6 depth-1\"><input type=\"checkbox\" id=\"wpforms-1200-field_11_6\" name=\"wpforms[fields][11][]\" value=\"Labeling Machine\" aria-errormessage=\"wpforms-1200-field_11_6-error\"  ><label class=\"wpforms-field-label-inline\" for=\"wpforms-1200-field_11_6\">Machine \u00e0 \u00e9tiqueter<\/label><\/li><li class=\"choice-5 depth-1\"><input type=\"checkbox\" id=\"wpforms-1200-field_11_5\" name=\"wpforms[fields][11][]\" value=\"Coding Machine (Production Date, Batch Number)\" aria-errormessage=\"wpforms-1200-field_11_5-error\"  ><label class=\"wpforms-field-label-inline\" for=\"wpforms-1200-field_11_5\">Machine \u00e0 coder (date de production, num\u00e9ro de lot)<\/label><\/li><li class=\"choice-4 depth-1\"><input type=\"checkbox\" id=\"wpforms-1200-field_11_4\" name=\"wpforms[fields][11][]\" value=\"Packaging Machine (Film Packaging, Carton Packaging, etc.)\" aria-errormessage=\"wpforms-1200-field_11_4-error\"  ><label class=\"wpforms-field-label-inline\" for=\"wpforms-1200-field_11_4\">Machines d'emballage (emballage sous film, emballage en carton, etc.)<\/label><\/li><li class=\"choice-9 depth-1\"><input type=\"checkbox\" id=\"wpforms-1200-field_11_9\" name=\"wpforms[fields][11][]\" value=\"Conveyor System\" aria-errormessage=\"wpforms-1200-field_11_9-error\"  ><label class=\"wpforms-field-label-inline\" for=\"wpforms-1200-field_11_9\">Syst\u00e8me de convoyage<\/label><\/li><\/ul><\/fieldset><\/div><div id=\"wpforms-1200-field_13-container\" class=\"wpforms-field wpforms-field-textarea\" data-field-id=\"13\"><label class=\"wpforms-field-label\" for=\"wpforms-1200-field_13\">Note<\/label><textarea id=\"wpforms-1200-field_13\" class=\"wpforms-field-medium\" name=\"wpforms[fields][13]\" aria-errormessage=\"wpforms-1200-field_13-error\" ><\/textarea><\/div><\/div><!-- .wpforms-field-container --><div class=\"wpforms-recaptcha-container wpforms-is-recaptcha wpforms-is-recaptcha-type-v2\" ><div class=\"g-recaptcha\" data-sitekey=\"6LdC4OMqAAAAAE5YKhoKJjfx4x8hr6-muRbesNQ-\"><\/div><input type=\"text\" name=\"g-recaptcha-hidden\" class=\"wpforms-recaptcha-hidden\" style=\"position:absolute!important;clip:rect(0,0,0,0)!important;height:1px!important;width:1px!important;border:0!important;overflow:hidden!important;padding:0!important;margin:0!important;\" data-rule-recaptcha=\"1\"><\/div><div class=\"wpforms-submit-container\" ><input type=\"hidden\" name=\"wpforms[id]\" value=\"1200\"><input type=\"hidden\" name=\"page_title\" value=\"\"><input type=\"hidden\" name=\"page_url\" value=\"https:\/\/radar-fillingmachine.com\/fr\/wp-json\/wp\/v2\/pages\/1204\"><button type=\"submit\" name=\"wpforms[submit]\" id=\"wpforms-submit-1200\" class=\"wpforms-submit\" data-alt-text=\"Send\u2026\" data-submit-text=\"Submit\" aria-live=\"assertive\" value=\"wpforms-submit\">Soumettre<\/button><\/div><input type=\"hidden\" name=\"trp-form-language\" value=\"fr\"\/><\/form><\/div>  <!-- .wpforms-container -->","protected":false},"excerpt":{"rendered":"","protected":false},"author":1,"featured_media":0,"parent":0,"menu_order":0,"comment_status":"closed","ping_status":"closed","template":"page.php","meta":{"footnotes":""},"class_list":["post-1204","page","type-page","status-publish","hentry"],"_links":{"self":[{"href":"https:\/\/radar-fillingmachine.com\/fr\/wp-json\/wp\/v2\/pages\/1204","targetHints":{"allow":["GET"]}}],"collection":[{"href":"https:\/\/radar-fillingmachine.com\/fr\/wp-json\/wp\/v2\/pages"}],"about":[{"href":"https:\/\/radar-fillingmachine.com\/fr\/wp-json\/wp\/v2\/types\/page"}],"author":[{"embeddable":true,"href":"https:\/\/radar-fillingmachine.com\/fr\/wp-json\/wp\/v2\/users\/1"}],"replies":[{"embeddable":true,"href":"https:\/\/radar-fillingmachine.com\/fr\/wp-json\/wp\/v2\/comments?post=1204"}],"version-history":[{"count":1,"href":"https:\/\/radar-fillingmachine.com\/fr\/wp-json\/wp\/v2\/pages\/1204\/revisions"}],"predecessor-version":[{"id":1205,"href":"https:\/\/radar-fillingmachine.com\/fr\/wp-json\/wp\/v2\/pages\/1204\/revisions\/1205"}],"wp:attachment":[{"href":"https:\/\/radar-fillingmachine.com\/fr\/wp-json\/wp\/v2\/media?parent=1204"}],"curies":[{"name":"wp","href":"https:\/\/api.w.org\/{rel}","templated":true}]}}