{"id":833,"date":"2025-01-08T11:14:28","date_gmt":"2025-01-08T03:14:28","guid":{"rendered":"https:\/\/radar-fillingmachine.com\/?post_type=product&#038;p=833"},"modified":"2025-01-20T15:41:32","modified_gmt":"2025-01-20T07:41:32","slug":"carton-box-packaging-machine-10000-boxes-per-hour","status":"publish","type":"product","link":"https:\/\/radar-fillingmachine.com\/pt\/produto\/carton-box-packaging-machine-10000-boxes-per-hour\/","title":{"rendered":"M\u00e1quina de embalagem de caixas de papel\u00e3o 10.000 caixas por hora"},"content":{"rendered":"<div class=\"pro-box\">\n<div class=\"container\">\n<div class=\"row\">\n<div class=\"col_lg_24 col_sm_24\">\n<div class=\"col_box single-portfolio-description\">\n<h3>Detailed Images<\/h3>\n<div class=\"bodyCon08\">\n<p><!--\u5217\u8868--><\/p>\n<div class=\"students\">\n<div id=\"four_flash\">\n<div class=\"flashBg\">\n<ul class=\"mobile\">\n<li style=\"list-style-type: none;\">\n<ul class=\"mobile\">\n<li style=\"list-style-type: none;\">\n<ul class=\"mobile\">\n<li style=\"list-style-type: none;\">\n<ul class=\"mobile\">\n<li><img loading=\"lazy\" decoding=\"async\" class=\"alignnone size-full wp-image-834\" src=\"https:\/\/radar-fillingmachine.com\/wp-content\/uploads\/2025\/01\/Carton-Box-Packaging-Machine-10000-Boxes-Per-Hour-4.jpg\" alt=\"Carton Box Packaging Machine 10,000 Boxes Per Hour\" width=\"800\" height=\"600\" srcset=\"https:\/\/radar-fillingmachine.com\/wp-content\/uploads\/2025\/01\/Carton-Box-Packaging-Machine-10000-Boxes-Per-Hour-4.jpg 800w, https:\/\/radar-fillingmachine.com\/wp-content\/uploads\/2025\/01\/Carton-Box-Packaging-Machine-10000-Boxes-Per-Hour-4-300x225.jpg 300w, https:\/\/radar-fillingmachine.com\/wp-content\/uploads\/2025\/01\/Carton-Box-Packaging-Machine-10000-Boxes-Per-Hour-4-768x576.jpg 768w, https:\/\/radar-fillingmachine.com\/wp-content\/uploads\/2025\/01\/Carton-Box-Packaging-Machine-10000-Boxes-Per-Hour-4-600x450.jpg 600w\" sizes=\"auto, (max-width: 800px) 100vw, 800px\" \/><\/li>\n<li><img loading=\"lazy\" decoding=\"async\" class=\"alignnone size-full wp-image-836\" src=\"https:\/\/radar-fillingmachine.com\/wp-content\/uploads\/2025\/01\/Carton-Box-Packaging-Machine-10000-Boxes-Per-Hour-2.jpg\" alt=\"Carton Box Packaging Machine 10,000 Boxes Per Hour\" width=\"800\" height=\"600\" srcset=\"https:\/\/radar-fillingmachine.com\/wp-content\/uploads\/2025\/01\/Carton-Box-Packaging-Machine-10000-Boxes-Per-Hour-2.jpg 800w, https:\/\/radar-fillingmachine.com\/wp-content\/uploads\/2025\/01\/Carton-Box-Packaging-Machine-10000-Boxes-Per-Hour-2-300x225.jpg 300w, https:\/\/radar-fillingmachine.com\/wp-content\/uploads\/2025\/01\/Carton-Box-Packaging-Machine-10000-Boxes-Per-Hour-2-768x576.jpg 768w, https:\/\/radar-fillingmachine.com\/wp-content\/uploads\/2025\/01\/Carton-Box-Packaging-Machine-10000-Boxes-Per-Hour-2-600x450.jpg 600w\" sizes=\"auto, (max-width: 800px) 100vw, 800px\" \/><\/li>\n<li><img loading=\"lazy\" decoding=\"async\" class=\"alignnone size-full wp-image-837\" src=\"https:\/\/radar-fillingmachine.com\/wp-content\/uploads\/2025\/01\/Carton-Box-Packaging-Machine-10000-Boxes-Per-Hour-3.jpg\" alt=\"Carton Box Packaging Machine 10,000 Boxes Per Hour\" width=\"800\" height=\"600\" srcset=\"https:\/\/radar-fillingmachine.com\/wp-content\/uploads\/2025\/01\/Carton-Box-Packaging-Machine-10000-Boxes-Per-Hour-3.jpg 800w, https:\/\/radar-fillingmachine.com\/wp-content\/uploads\/2025\/01\/Carton-Box-Packaging-Machine-10000-Boxes-Per-Hour-3-300x225.jpg 300w, https:\/\/radar-fillingmachine.com\/wp-content\/uploads\/2025\/01\/Carton-Box-Packaging-Machine-10000-Boxes-Per-Hour-3-768x576.jpg 768w, https:\/\/radar-fillingmachine.com\/wp-content\/uploads\/2025\/01\/Carton-Box-Packaging-Machine-10000-Boxes-Per-Hour-3-600x450.jpg 600w\" sizes=\"auto, (max-width: 800px) 100vw, 800px\" \/><\/li>\n<\/ul>\n<\/li>\n<\/ul>\n<\/li>\n<\/ul>\n<\/li>\n<\/ul>\n<\/div>\n<\/div>\n<\/div>\n<\/div>\n<h3>Video<\/h3>\n<div><video style=\"width: 100%;\" src=\"&lt;?php echo get_template_directory_uri(); ?&gt;\/static\/video\/video.mp4\" controls=\"controls\" width=\"300\" height=\"150\"><span data-mce-type=\"bookmark\" style=\"display: inline-block; width: 0px; overflow: hidden; line-height: 0;\" class=\"mce_SELRES_start\"><\/span><\/video><\/div>\n<h3>Machine Parameters<\/h3>\n<p>&nbsp;<\/p>\n<p>According to customer requirements for product packaging, the product feed for accurate whole column grouping, while underlying pre-sync to the product carton boxes preset position, and then by the lifting mechanism rear jacking good product grouping randomly fall into cartons, lifting mechanism automatically drops to a horizontal position and the outlet conveyor, cartons output by the transport section; each part of the linkage is adjusted by the electric air control to simultaneously ensure that each group of products can be accurate and effective automatic packing and output. Application: Fields of food, beverage, pharmaceutical, cosmetic, chemical, and other. Common to all types of PET bottles, cans, Pak packaging.<\/p>\n<p>&nbsp;<\/p>\n<p><strong>Main features :<\/strong><\/p>\n<p>&nbsp;<\/p>\n<p>\u25cf Adopt international advanced technology, use imported components and parts, electric components.<\/p>\n<p>&nbsp;<\/p>\n<p>\u25cf According to carton\u2019s size, automatically adjust the different cartons\u2019 height and width.<\/p>\n<p>&nbsp;<\/p>\n<p>\u25cf Automatically fold carton up cover, up and down automatically paste adhesive tape, economic and fast and smooth and steady.<\/p>\n<p>&nbsp;<\/p>\n<p>\u25cf Add the knife protection device,avoid the accident if operate error.<\/p>\n<p>&nbsp;<\/p>\n<p>\u25cf Operate easy and convenient, can run separately and can also connect with the automatic packaging line.<\/p>\n<p>&nbsp;<\/p>\n<p>&nbsp;<\/p>\n<table border=\"1\">\n<tbody>\n<tr>\n<th>Model<\/th>\n<th>SW-300Z<\/th>\n<th>SW-600H<\/th>\n<th>SW-600V<\/th>\n<\/tr>\n<tr>\n<td>Machine Type<\/td>\n<td>Off or Online Full-AutoType<\/td>\n<td>Online Full Automatic Type<\/td>\n<td>Online Full Automatic Type<\/td>\n<\/tr>\n<tr>\n<td>Wrapping Speed<\/td>\n<td>0~120Pcs\/Hour<\/td>\n<td>0~60Pallets\/Hour<\/td>\n<td>0~60Pallets\/Hour<\/td>\n<\/tr>\n<tr>\n<td>Belt Type<\/td>\n<td>PP Belt, PET Belt, Steel Belt<\/td>\n<td>PP Belt, PET Belt, Steel Belt<\/td>\n<td>PP Belt, PET Belt, Steel Belt<\/td>\n<\/tr>\n<tr>\n<td>Belt Width<\/td>\n<td>9-16mm (Recommend 12mm)<\/td>\n<td>9-16mm (Recommend 12mm)<\/td>\n<td>9-16mm (Recommend 12mm)<\/td>\n<\/tr>\n<tr>\n<td>Belt Thickness<\/td>\n<td>0.6\u20140.8mm<\/td>\n<td>0.6\u20140.8mm<\/td>\n<td>0.6\u20140.8mm<\/td>\n<\/tr>\n<tr>\n<td>Feeding speed of the belt<\/td>\n<td>2.5-4.5m\/s<\/td>\n<td>2.5-4.5m\/s<\/td>\n<td>2.5-4.5m\/s<\/td>\n<\/tr>\n<tr>\n<td>Tension force, infinite regulation<\/td>\n<td>200 ~ 2500N (As Fact To Match and Choice)<\/td>\n<td>200 ~ 2500N (As Fact To Match and Choice)<\/td>\n<td>200 ~ 2500N (As Fact To Match and Choice)<\/td>\n<\/tr>\n<tr>\n<td>Applicable Products<\/td>\n<td>Full Pallets, Pallet Shape Products, Column Shape type etc Products<\/td>\n<td>Full Pallets, Pallet Shape Products, Column Shape type etc Products<\/td>\n<td>Full Pallets, Pallet Shape Products, Column Shape type etc Products<\/td>\n<\/tr>\n<tr>\n<td>Supply Power<\/td>\n<td>About 1.0KW<\/td>\n<td>About 3.5KW<\/td>\n<td>About 6.0KW<\/td>\n<\/tr>\n<tr>\n<td>Voltage, etc<\/td>\n<td>220V\/380V, 3Phase, 50Hz\/60Hz (Accept Customize)<\/td>\n<td>220V\/380V, 3Phase, 50Hz\/60Hz (Accept Customize)<\/td>\n<td>220V\/380V, 3Phase, 50Hz\/60Hz (Accept Customize)<\/td>\n<\/tr>\n<tr>\n<td>Air Pressure<\/td>\n<td>0.5-0.8Mpa<\/td>\n<td>0.5-0.8Mpa<\/td>\n<td>0.5-0.8Mpa<\/td>\n<\/tr>\n<tr>\n<td>Working db<\/td>\n<td>\u226475db<\/td>\n<td>\u226475db<\/td>\n<td>\u226480db<\/td>\n<\/tr>\n<tr>\n<td>Machine Weight<\/td>\n<td>About 300KG<\/td>\n<td>About 900KG<\/td>\n<td>About 1500KG<\/td>\n<\/tr>\n<tr>\n<td>Machine Dimension<\/td>\n<td>W650*D14200*H2300mm (As Fact Machine Model)<\/td>\n<td>W650*D14200*H2300mm (As Fact Machine Model)<\/td>\n<td>W650*D14200*H2300mm (As Fact Machine Model)<\/td>\n<\/tr>\n<\/tbody>\n<\/table>\n<\/div>\n<\/div>\n<\/div>\n<\/div>\n<\/div>","protected":false},"excerpt":{"rendered":"<p>Esta s\u00e9rie de m\u00e1quinas de embalagem de cart\u00e3o pick-place utiliza a insufla\u00e7\u00e3o e defla\u00e7\u00e3o de ar para agarrar e colocar as garrafas. Atrav\u00e9s de opera\u00e7\u00e3o mec\u00e2nica, pneum\u00e1tica e controlo el\u00e9trico, as garrafas s\u00e3o carregadas de forma precisa e constante em caixas de cart\u00e3o a partir da correia transportadora.<\/p>\n<p>&nbsp;<\/p>\n<ul class=\"ex_ul\">\n<li>Utiliza insufla\u00e7\u00e3o e esvaziamento de ar para o manuseamento da garrafa.<\/li>\n<li>Combina sistemas de controlo mec\u00e2nicos, pneum\u00e1ticos e el\u00e9ctricos.<\/li>\n<li>Carregar garrafas em caixas de cart\u00e3o de forma precisa e constante.<\/li>\n<li>Trabalha eficazmente com garrafas que se deslocam ao longo de um tapete rolante.<\/li>\n<\/ul>","protected":false},"featured_media":1024,"comment_status":"open","ping_status":"closed","template":"","meta":[],"product_brand":[],"product_cat":[15,62],"product_tag":[],"class_list":{"0":"post-833","1":"product","2":"type-product","3":"status-publish","4":"has-post-thumbnail","6":"product_cat-products","7":"product_cat-packaging-machine","9":"first","10":"instock","11":"shipping-taxable","12":"product-type-simple"},"_links":{"self":[{"href":"https:\/\/radar-fillingmachine.com\/pt\/wp-json\/wp\/v2\/product\/833","targetHints":{"allow":["GET"]}}],"collection":[{"href":"https:\/\/radar-fillingmachine.com\/pt\/wp-json\/wp\/v2\/product"}],"about":[{"href":"https:\/\/radar-fillingmachine.com\/pt\/wp-json\/wp\/v2\/types\/product"}],"replies":[{"embeddable":true,"href":"https:\/\/radar-fillingmachine.com\/pt\/wp-json\/wp\/v2\/comments?post=833"}],"wp:featuredmedia":[{"embeddable":true,"href":"https:\/\/radar-fillingmachine.com\/pt\/wp-json\/wp\/v2\/media\/1024"}],"wp:attachment":[{"href":"https:\/\/radar-fillingmachine.com\/pt\/wp-json\/wp\/v2\/media?parent=833"}],"wp:term":[{"taxonomy":"product_brand","embeddable":true,"href":"https:\/\/radar-fillingmachine.com\/pt\/wp-json\/wp\/v2\/product_brand?post=833"},{"taxonomy":"product_cat","embeddable":true,"href":"https:\/\/radar-fillingmachine.com\/pt\/wp-json\/wp\/v2\/product_cat?post=833"},{"taxonomy":"product_tag","embeddable":true,"href":"https:\/\/radar-fillingmachine.com\/pt\/wp-json\/wp\/v2\/product_tag?post=833"}],"curies":[{"name":"wp","href":"https:\/\/api.w.org\/{rel}","templated":true}]}}