{"id":838,"date":"2025-01-09T13:25:27","date_gmt":"2025-01-09T05:25:27","guid":{"rendered":"https:\/\/radar-fillingmachine.com\/?post_type=product&#038;p=838"},"modified":"2025-01-20T15:30:29","modified_gmt":"2025-01-20T07:30:29","slug":"one-piece-roll-colorful-wrapping-shrink-machine-packing-machine-30-packages-per-minute","status":"publish","type":"product","link":"https:\/\/radar-fillingmachine.com\/pt\/produto\/one-piece-roll-colorful-wrapping-shrink-machine-packing-machine-30-packages-per-minute\/","title":{"rendered":"M\u00e1quina de embalagem retr\u00e1til colorida com rolo de uma pe\u00e7a 30 pacotes por minuto"},"content":{"rendered":"<div class=\"pro-box\">\n<div class=\"container\">\n<div class=\"row\">\n<div class=\"col_lg_24 col_sm_24\">\n<div class=\"col_box single-portfolio-description\">\n<h3>Detailed Images<\/h3>\n<div class=\"bodyCon08\">\n<p><!--\u5217\u8868--><\/p>\n<div class=\"students\">\n<div id=\"four_flash\">\n<div class=\"flashBg\">\n<ul class=\"mobile\">\n<li style=\"list-style-type: none;\">\n<ul class=\"mobile\">\n<li style=\"list-style-type: none;\">\n<ul class=\"mobile\">\n<li><img loading=\"lazy\" decoding=\"async\" class=\"alignnone size-full wp-image-843\" src=\"https:\/\/radar-fillingmachine.com\/wp-content\/uploads\/2025\/01\/One-piece-roll-colorful-Wrapping-Shrink-Machine-Packing-Machine-30-packages-per-minute-4.jpg\" alt=\"One piece roll colorful Wrapping Shrink Machine Packing Machine 30 packages per minute\" width=\"800\" height=\"600\" srcset=\"https:\/\/radar-fillingmachine.com\/wp-content\/uploads\/2025\/01\/One-piece-roll-colorful-Wrapping-Shrink-Machine-Packing-Machine-30-packages-per-minute-4.jpg 800w, https:\/\/radar-fillingmachine.com\/wp-content\/uploads\/2025\/01\/One-piece-roll-colorful-Wrapping-Shrink-Machine-Packing-Machine-30-packages-per-minute-4-300x225.jpg 300w, https:\/\/radar-fillingmachine.com\/wp-content\/uploads\/2025\/01\/One-piece-roll-colorful-Wrapping-Shrink-Machine-Packing-Machine-30-packages-per-minute-4-768x576.jpg 768w, https:\/\/radar-fillingmachine.com\/wp-content\/uploads\/2025\/01\/One-piece-roll-colorful-Wrapping-Shrink-Machine-Packing-Machine-30-packages-per-minute-4-600x450.jpg 600w\" sizes=\"auto, (max-width: 800px) 100vw, 800px\" \/><\/li>\n<li><img loading=\"lazy\" decoding=\"async\" class=\"alignnone size-full wp-image-841\" src=\"https:\/\/radar-fillingmachine.com\/wp-content\/uploads\/2025\/01\/One-piece-roll-colorful-Wrapping-Shrink-Machine-Packing-Machine-30-packages-per-minute-2.jpg\" alt=\"One piece roll colorful Wrapping Shrink Machine Packing Machine 30 packages per minute\" width=\"800\" height=\"600\" srcset=\"https:\/\/radar-fillingmachine.com\/wp-content\/uploads\/2025\/01\/One-piece-roll-colorful-Wrapping-Shrink-Machine-Packing-Machine-30-packages-per-minute-2.jpg 800w, https:\/\/radar-fillingmachine.com\/wp-content\/uploads\/2025\/01\/One-piece-roll-colorful-Wrapping-Shrink-Machine-Packing-Machine-30-packages-per-minute-2-300x225.jpg 300w, https:\/\/radar-fillingmachine.com\/wp-content\/uploads\/2025\/01\/One-piece-roll-colorful-Wrapping-Shrink-Machine-Packing-Machine-30-packages-per-minute-2-768x576.jpg 768w, https:\/\/radar-fillingmachine.com\/wp-content\/uploads\/2025\/01\/One-piece-roll-colorful-Wrapping-Shrink-Machine-Packing-Machine-30-packages-per-minute-2-600x450.jpg 600w\" sizes=\"auto, (max-width: 800px) 100vw, 800px\" \/><\/li>\n<li><img loading=\"lazy\" decoding=\"async\" class=\"alignnone size-full wp-image-840\" src=\"https:\/\/radar-fillingmachine.com\/wp-content\/uploads\/2025\/01\/One-piece-roll-colorful-Wrapping-Shrink-Machine-Packing-Machine-30-packages-per-minute-1.jpg\" alt=\"One piece roll colorful Wrapping Shrink Machine Packing Machine 30 packages per minute\" width=\"800\" height=\"600\" srcset=\"https:\/\/radar-fillingmachine.com\/wp-content\/uploads\/2025\/01\/One-piece-roll-colorful-Wrapping-Shrink-Machine-Packing-Machine-30-packages-per-minute-1.jpg 800w, https:\/\/radar-fillingmachine.com\/wp-content\/uploads\/2025\/01\/One-piece-roll-colorful-Wrapping-Shrink-Machine-Packing-Machine-30-packages-per-minute-1-300x225.jpg 300w, https:\/\/radar-fillingmachine.com\/wp-content\/uploads\/2025\/01\/One-piece-roll-colorful-Wrapping-Shrink-Machine-Packing-Machine-30-packages-per-minute-1-768x576.jpg 768w, https:\/\/radar-fillingmachine.com\/wp-content\/uploads\/2025\/01\/One-piece-roll-colorful-Wrapping-Shrink-Machine-Packing-Machine-30-packages-per-minute-1-600x450.jpg 600w\" sizes=\"auto, (max-width: 800px) 100vw, 800px\" \/><\/li>\n<li><img loading=\"lazy\" decoding=\"async\" class=\"alignnone size-full wp-image-839\" src=\"https:\/\/radar-fillingmachine.com\/wp-content\/uploads\/2025\/01\/One-piece-roll-colorful-Wrapping-Shrink-Machine-Packing-Machine-30-packages-per-minute-5.jpg\" alt=\"One piece roll colorful Wrapping Shrink Machine Packing Machine 30 packages per minute\" width=\"800\" height=\"600\" srcset=\"https:\/\/radar-fillingmachine.com\/wp-content\/uploads\/2025\/01\/One-piece-roll-colorful-Wrapping-Shrink-Machine-Packing-Machine-30-packages-per-minute-5.jpg 800w, https:\/\/radar-fillingmachine.com\/wp-content\/uploads\/2025\/01\/One-piece-roll-colorful-Wrapping-Shrink-Machine-Packing-Machine-30-packages-per-minute-5-300x225.jpg 300w, https:\/\/radar-fillingmachine.com\/wp-content\/uploads\/2025\/01\/One-piece-roll-colorful-Wrapping-Shrink-Machine-Packing-Machine-30-packages-per-minute-5-768x576.jpg 768w, https:\/\/radar-fillingmachine.com\/wp-content\/uploads\/2025\/01\/One-piece-roll-colorful-Wrapping-Shrink-Machine-Packing-Machine-30-packages-per-minute-5-600x450.jpg 600w\" sizes=\"auto, (max-width: 800px) 100vw, 800px\" \/><\/li>\n<\/ul>\n<\/li>\n<\/ul>\n<\/li>\n<\/ul>\n<\/div>\n<\/div>\n<\/div>\n<\/div>\n<h3>Video<\/h3>\n<div><video style=\"width: 100%;\" src=\"&lt;?php echo get_template_directory_uri(); ?&gt;\/static\/video\/video.mp4\" controls=\"controls\" width=\"300\" height=\"150\"><span data-mce-type=\"bookmark\" style=\"display: inline-block; width: 0px; overflow: hidden; line-height: 0;\" class=\"mce_SELRES_start\"><\/span><\/video><\/div>\n<h3>Machine Parameters<\/h3>\n<p>&nbsp;<\/p>\n<p>\u25cf The sealing adopts the advanced structure of hot sealing and hot cutting, with firm sealing, neat edge, good sewing performance and no flash.<\/p>\n<p>&nbsp;<\/p>\n<p>\u25cf Linear bottle feeding, colorful film wrapping,small space occupation, convenient layout, stable transportation and high efficiency.<\/p>\n<p>&nbsp;<\/p>\n<p>\u25cf Comprehensive protection function: when there is an obstacle at the sealing and cutting place, the equipment will be protected and an alarm will be given at the same time to prevent the package from being damaged.<\/p>\n<p>&nbsp;<\/p>\n<p>\u25cf Adopt plastic steel chain conveyor belt, long-term use, no deformation, small jump, stable transportation.<\/p>\n<p>&nbsp;<\/p>\n<p>\u25cf Unique patent subcontracting mechanism, accurate and stable subcontracting, convenient adjustment.<\/p>\n<p>&nbsp;<\/p>\n<p>\u25cf Precise PID temperature controller, precise temperature control.<\/p>\n<p>&nbsp;<\/p>\n<p>\u25cf The shrinking machine adopts a unique patented hot air diversion and circulation system, with adjustable air flow and natural heat recovery. The patented furnace structure not only achieves good packaging effect, but also plays the best role in energy saving. *The shrinkage furnace adopts special heat preservation structure, which can not only reduce energy consumption, but also ensure the safety of workers\u2019 operation.<\/p>\n<p>&nbsp;<\/p>\n<p>&nbsp;<\/p>\n<table border=\"1\">\n<tbody>\n<tr>\n<th>Project Name<\/th>\n<th>Shrink Wrap Packing Machine<\/th>\n<\/tr>\n<tr>\n<td>Model<\/td>\n<td>TSP-30A<\/td>\n<\/tr>\n<tr>\n<td>Gas Source<\/td>\n<td>\u22650.5MPa<\/td>\n<\/tr>\n<tr>\n<td>Overall Dimension Of Equipment (mm)<\/td>\n<td>L13200*W1100*H2000<\/td>\n<\/tr>\n<tr>\n<td>Maximum Package Size (mm)<\/td>\n<td>L500*W450*H350<\/td>\n<\/tr>\n<tr>\n<td>Packing Efficiency (bag\/minute)<\/td>\n<td>20-25<\/td>\n<\/tr>\n<tr>\n<td>Maximum Sealing Length (mm)<\/td>\n<td>700<\/td>\n<\/tr>\n<tr>\n<td>Power (Kw)<\/td>\n<td>26-32<\/td>\n<\/tr>\n<tr>\n<td>Working Surface Height (mm)<\/td>\n<td>900\u00b130<\/td>\n<\/tr>\n<tr>\n<td>Applicable Film<\/td>\n<td>PE<\/td>\n<\/tr>\n<\/tbody>\n<\/table>\n<\/div>\n<\/div>\n<\/div>\n<\/div>\n<\/div>","protected":false},"excerpt":{"rendered":"<p>A m\u00e1quina de embalar pel\u00edcula de uma s\u00f3 pe\u00e7a baseia-se nas carater\u00edsticas de retra\u00e7\u00e3o t\u00e9rmica da pel\u00edcula de embalagem. Utiliza sensores de interrutor fotoel\u00e9trico para detetar em linha. Os sinais recolhidos s\u00e3o controlados e processados por programas PLC (controlador program\u00e1vel). Todo o processo \u00e9 completado por mecanismos como a garrafa, a coloca\u00e7\u00e3o da garrafa, a haste de empurrar cont\u00ednua e a garrafa, a embalagem de pel\u00edcula \u00fanica, a recolha e a forma\u00e7\u00e3o da pel\u00edcula, o encolhimento do canal de aquecimento e o arrefecimento e a moldagem.<\/p>\n<p>&nbsp;<\/p>\n<ul class=\"ex_ul\">\n<li>Modelo: TSP-30A<\/li>\n<li>Fonte de g\u00e1s: \u22650,5MPa<\/li>\n<li>Pot\u00eancia (Kw): 26-32<\/li>\n<li>Altura da superf\u00edcie de trabalho (mm): 900\u00b130<\/li>\n<\/ul>","protected":false},"featured_media":1025,"comment_status":"open","ping_status":"closed","template":"","meta":[],"product_brand":[],"product_cat":[15,62],"product_tag":[],"class_list":{"0":"post-838","1":"product","2":"type-product","3":"status-publish","4":"has-post-thumbnail","6":"product_cat-products","7":"product_cat-packaging-machine","9":"first","10":"instock","11":"shipping-taxable","12":"product-type-simple"},"_links":{"self":[{"href":"https:\/\/radar-fillingmachine.com\/pt\/wp-json\/wp\/v2\/product\/838","targetHints":{"allow":["GET"]}}],"collection":[{"href":"https:\/\/radar-fillingmachine.com\/pt\/wp-json\/wp\/v2\/product"}],"about":[{"href":"https:\/\/radar-fillingmachine.com\/pt\/wp-json\/wp\/v2\/types\/product"}],"replies":[{"embeddable":true,"href":"https:\/\/radar-fillingmachine.com\/pt\/wp-json\/wp\/v2\/comments?post=838"}],"wp:featuredmedia":[{"embeddable":true,"href":"https:\/\/radar-fillingmachine.com\/pt\/wp-json\/wp\/v2\/media\/1025"}],"wp:attachment":[{"href":"https:\/\/radar-fillingmachine.com\/pt\/wp-json\/wp\/v2\/media?parent=838"}],"wp:term":[{"taxonomy":"product_brand","embeddable":true,"href":"https:\/\/radar-fillingmachine.com\/pt\/wp-json\/wp\/v2\/product_brand?post=838"},{"taxonomy":"product_cat","embeddable":true,"href":"https:\/\/radar-fillingmachine.com\/pt\/wp-json\/wp\/v2\/product_cat?post=838"},{"taxonomy":"product_tag","embeddable":true,"href":"https:\/\/radar-fillingmachine.com\/pt\/wp-json\/wp\/v2\/product_tag?post=838"}],"curies":[{"name":"wp","href":"https:\/\/api.w.org\/{rel}","templated":true}]}}